{"id":174,"date":"2025-08-24T13:59:03","date_gmt":"2025-08-24T13:59:03","guid":{"rendered":"https:\/\/acelyadent.com\/?page_id=174"},"modified":"2025-12-08T16:16:48","modified_gmt":"2025-12-08T16:16:48","slug":"online-randevu","status":"publish","type":"page","link":"https:\/\/acelyadent.com\/?page_id=174","title":{"rendered":"ONL\u0130NE RANDEVU"},"content":{"rendered":"\n<!DOCTYPE html>\n<html lang=\"tr\">\n<head>\n  <meta charset=\"UTF-8\" \/>\n  <meta name=\"viewport\" content=\"width=device-width, initial-scale=1\" \/>\n  <title>A\u00e7elya Dent &#8211; Online Randevu<\/title>\n\n  <!-- Google Fontlar -->\n  <link href=\"https:\/\/fonts.googleapis.com\/css2?family=Playfair+Display:wght@500;700&#038;family=Inter:wght@400;500;600&#038;display=swap\" rel=\"stylesheet\" \/>\n\n  <style>\n    :root {\n      --blue-bg: #f5f7fc;\n      --blue-dark: #1e355b;\n      --blue-accent: #6c8cc5;\n      --text-dark: #2d2d2d;\n      --white: #ffffff;\n    }\n\n    * {\n      box-sizing: border-box;\n      margin: 0;\n      padding: 0;\n    }\n\n    body {\n      font-family: 'Inter', sans-serif;\n      background-color: var(--blue-bg);\n      color: var(--text-dark);\n      padding: 40px 20px;\n    }\n\n    h1 {\n      font-family: 'Playfair Display', serif;\n      color: var(--blue-dark);\n      text-align: center;\n      margin-bottom: 40px;\n      font-size: 2.8rem;\n    }\n\n    form {\n      max-width: 600px;\n      margin: 0 auto;\n      background-color: var(--white);\n      padding: 40px;\n      border-radius: 12px;\n      box-shadow: 0 6px 18px rgba(0, 0, 0, 0.05);\n      border-left: 6px solid var(--blue-accent);\n    }\n\n    label {\n      display: block;\n      font-weight: 600;\n      margin-bottom: 6px;\n      margin-top: 20px;\n      color: var(--blue-dark);\n    }\n\n    input, textarea, select {\n      width: 100%;\n      padding: 12px;\n      border: 1px solid #ccc;\n      border-radius: 8px;\n      margin-top: 6px;\n      font-size: 1rem;\n    }\n\n    textarea {\n      resize: vertical;\n      min-height: 100px;\n    }\n\n    button {\n      background-color: var(--blue-accent);\n      color: white;\n      font-size: 1.1rem;\n      padding: 14px 28px;\n      border: none;\n      border-radius: 8px;\n      cursor: pointer;\n      margin-top: 30px;\n      transition: background 0.3s ease;\n      width: 100%;\n    }\n\n    button:hover {\n      background-color: var(--blue-dark);\n    }\n\n    .info {\n      font-size: 0.95rem;\n      margin-top: 30px;\n      color: var(--text-dark);\n      text-align: center;\n      line-height: 1.6;\n    }\n\n    .info strong {\n      color: var(--blue-dark);\n    }\n\n    .info a {\n      color: var(--blue-accent);\n      text-decoration: none;\n    }\n\n    .info a:hover {\n      text-decoration: underline;\n    }\n  <\/style>\n<\/head>\n<body>\n\n  <h1>Online Randevu Formu<\/h1>\n\n  <form action=\"https:\/\/formspree.io\/f\/xdklnzba\" method=\"POST\">\n\n    <label for=\"name\">\u0130sim<\/label>\n    <input type=\"text\" id=\"name\" name=\"\u0130sim\" placeholder=\"Ahmet\" required>\n\n    <label for=\"surname\">Soyisim<\/label>\n    <input type=\"text\" id=\"surname\" name=\"Soyisim\" placeholder=\"Ya\u015far\" required>\n\n    <label for=\"phone\">Telefon Numaras\u0131<\/label>\n    <input type=\"tel\" id=\"phone\" name=\"Telefon\" placeholder=\"+90 5xx xxx xx xx\" required>\n\n    <label for=\"email\">E-posta Adresi<\/label>\n    <input type=\"email\" id=\"email\" name=\"Email\" placeholder=\"ornek@mail.com\" required>\n\n    <label for=\"date\">Randevu Tarihi<\/label>\n    <input type=\"date\" id=\"date\" name=\"Randevu Tarihi\" required>\n\n    <label for=\"time\">Randevu Saati<\/label>\n    <select id=\"time\" name=\"Randevu Saati\" required>\n      <option value=\"\">Saat se\u00e7iniz<\/option>\n      <!-- Pazartesi - Cuma & Pazar: 08:30 - 23:30 -->\n      <option value=\"08:30\">08:30<\/option>\n      <option value=\"09:00\">09:00<\/option>\n      <option value=\"09:30\">09:30<\/option>\n      <option value=\"10:00\">10:00<\/option>\n      <option value=\"10:30\">10:30<\/option>\n      <option value=\"11:00\">11:00<\/option>\n      <option value=\"11:30\">11:30<\/option>\n      <option value=\"12:00\">12:00<\/option>\n      <option value=\"12:30\">12:30<\/option>\n      <option value=\"13:00\">13:00<\/option>\n      <option value=\"13:30\">13:30<\/option>\n      <option value=\"14:00\">14:00<\/option>\n      <option value=\"14:30\">14:30<\/option>\n      <option value=\"15:00\">15:00<\/option>\n      <option value=\"15:30\">15:30<\/option>\n      <option value=\"16:00\">16:00<\/option>\n      <option value=\"16:30\">16:30<\/option>\n      <option value=\"17:00\">17:00<\/option>\n      <option value=\"17:30\">17:30<\/option>\n      <option value=\"18:00\">18:00<\/option>\n      <option value=\"18:30\">18:30<\/option>\n      <option value=\"19:00\">19:00<\/option>\n      <option value=\"19:30\">19:30<\/option>\n      <option value=\"20:00\">20:00<\/option>\n      <option value=\"20:30\">20:30<\/option>\n      <option value=\"21:00\">21:00<\/option>\n      <option value=\"21:30\">21:30<\/option>\n      <option value=\"22:00\">22:00<\/option>\n      <option value=\"22:30\">22:30<\/option>\n      <option value=\"23:00\">23:00<\/option>\n      <option value=\"23:30\">23:30<\/option>\n    <\/select>\n\n    <label for=\"service\">Talep Edilen \u0130\u015flem<\/label>\n    <textarea id=\"service\" name=\"\u0130\u015flem T\u00fcr\u00fc\" placeholder=\"Di\u015f beyazlatma, implant, dolgu, \u00e7ene cerrahisi...\" required><\/textarea>\n\n    <button type=\"submit\">Randevu Olu\u015ftur<\/button>\n  <\/form>\n\n  <div class=\"info\">\n    Randevunuz ba\u015far\u0131yla olu\u015fturulduktan sonra <strong>acelyadent@gmail.com<\/strong> adresine taraf\u0131n\u0131zdan iletilen bilgiler ula\u015facakt\u0131r.<br><br>\n    Taraf\u0131n\u0131za ayr\u0131ca <strong>randevu kayd\u0131n\u0131z olu\u015fturulmu\u015ftur<\/strong> i\u00e7erikli bir e-posta g\u00f6nderilecektir.<br>\n    De\u011fi\u015fiklik veya iptal i\u00e7in l\u00fctfen bizimle ileti\u015fime ge\u00e7in.<br><br>\n    <strong>Adresimiz:<\/strong><br>\n    Kavakl\u0131 Mahallesi, Bat\u0131 Trakya Bulvar\u0131 No:49\/3<br>\n    Beylikd\u00fcz\u00fc \/ \u0130stanbul<br><br>\n    \ud83d\udccd <a href=\"https:\/\/www.google.com\/maps?q=Kavakl\u0131+Mahallesi,+Bat\u0131+Trakya+Bulvar\u0131+No:49\/3+Beylikd\u00fcz\u00fc+\u0130stanbul\" target=\"_blank\">Google Haritalar\u2019da A\u00e7<\/a>\n  <\/div>\n\n<\/body>\n<\/html>\n","protected":false},"excerpt":{"rendered":"<p>A\u00e7elya Dent &#8211; Online Randevu Online Randevu Formu \u0130sim Soyisim Telefon Numaras\u0131 E-posta Adresi Randevu Tarihi Randevu Saati Saat se\u00e7iniz08:3009:0009:3010:0010:3011:0011:3012:0012:3013:0013:3014:0014:3015:0015:3016:0016:3017:0017:3018:0018:3019:0019:3020:0020:3021:0021:3022:0022:3023:0023:30 Talep Edilen \u0130\u015flem Randevu Olu\u015ftur Randevunuz ba\u015far\u0131yla olu\u015fturulduktan sonra acelyadent@gmail.com adresine taraf\u0131n\u0131zdan iletilen bilgiler ula\u015facakt\u0131r. Taraf\u0131n\u0131za ayr\u0131ca randevu kayd\u0131n\u0131z olu\u015fturulmu\u015ftur i\u00e7erikli bir e-posta g\u00f6nderilecektir. De\u011fi\u015fiklik veya iptal i\u00e7in l\u00fctfen bizimle ileti\u015fime ge\u00e7in. Adresimiz: Kavakl\u0131 Mahallesi, [&hellip;]<\/p>\n","protected":false},"author":1,"featured_media":0,"parent":0,"menu_order":0,"comment_status":"closed","ping_status":"closed","template":"","meta":{"footnotes":""},"class_list":["post-174","page","type-page","status-publish","hentry"],"yoast_head":"<!-- This site is optimized with the Yoast SEO plugin v26.5 - https:\/\/yoast.com\/wordpress\/plugins\/seo\/ -->\n<title>ONL\u0130NE RANDEVU - A\u00c7ELYA A\u011eIZ VE D\u0130\u015e SA\u011eLI\u011eI POL\u0130KL\u0130N\u0130\u011e\u0130<\/title>\n<meta name=\"robots\" content=\"index, follow, max-snippet:-1, max-image-preview:large, max-video-preview:-1\" \/>\n<link rel=\"canonical\" href=\"https:\/\/acelyadent.com\/?page_id=174\" \/>\n<meta property=\"og:locale\" content=\"tr_TR\" \/>\n<meta property=\"og:type\" content=\"article\" \/>\n<meta property=\"og:title\" content=\"ONL\u0130NE RANDEVU - A\u00c7ELYA A\u011eIZ VE D\u0130\u015e SA\u011eLI\u011eI POL\u0130KL\u0130N\u0130\u011e\u0130\" \/>\n<meta property=\"og:description\" content=\"A\u00e7elya Dent &#8211; Online Randevu Online Randevu Formu \u0130sim Soyisim Telefon Numaras\u0131 E-posta Adresi Randevu Tarihi Randevu Saati Saat se\u00e7iniz08:3009:0009:3010:0010:3011:0011:3012:0012:3013:0013:3014:0014:3015:0015:3016:0016:3017:0017:3018:0018:3019:0019:3020:0020:3021:0021:3022:0022:3023:0023:30 Talep Edilen \u0130\u015flem Randevu Olu\u015ftur Randevunuz ba\u015far\u0131yla olu\u015fturulduktan sonra acelyadent@gmail.com adresine taraf\u0131n\u0131zdan iletilen bilgiler ula\u015facakt\u0131r. Taraf\u0131n\u0131za ayr\u0131ca randevu kayd\u0131n\u0131z olu\u015fturulmu\u015ftur i\u00e7erikli bir e-posta g\u00f6nderilecektir. De\u011fi\u015fiklik veya iptal i\u00e7in l\u00fctfen bizimle ileti\u015fime ge\u00e7in. Adresimiz: Kavakl\u0131 Mahallesi, [&hellip;]\" \/>\n<meta property=\"og:url\" content=\"https:\/\/acelyadent.com\/?page_id=174\" \/>\n<meta property=\"og:site_name\" content=\"A\u00c7ELYA A\u011eIZ VE D\u0130\u015e SA\u011eLI\u011eI POL\u0130KL\u0130N\u0130\u011e\u0130\" \/>\n<meta property=\"article:modified_time\" content=\"2025-12-08T16:16:48+00:00\" \/>\n<meta name=\"twitter:card\" content=\"summary_large_image\" \/>\n<meta name=\"twitter:label1\" content=\"Tahmini okuma s\u00fcresi\" \/>\n\t<meta name=\"twitter:data1\" content=\"1 dakika\" \/>\n<script type=\"application\/ld+json\" class=\"yoast-schema-graph\">{\"@context\":\"https:\/\/schema.org\",\"@graph\":[{\"@type\":\"WebPage\",\"@id\":\"https:\/\/acelyadent.com\/?page_id=174\",\"url\":\"https:\/\/acelyadent.com\/?page_id=174\",\"name\":\"ONL\u0130NE RANDEVU - A\u00c7ELYA A\u011eIZ VE D\u0130\u015e SA\u011eLI\u011eI POL\u0130KL\u0130N\u0130\u011e\u0130\",\"isPartOf\":{\"@id\":\"https:\/\/acelyadent.com\/#website\"},\"datePublished\":\"2025-08-24T13:59:03+00:00\",\"dateModified\":\"2025-12-08T16:16:48+00:00\",\"breadcrumb\":{\"@id\":\"https:\/\/acelyadent.com\/?page_id=174#breadcrumb\"},\"inLanguage\":\"tr\",\"potentialAction\":[{\"@type\":\"ReadAction\",\"target\":[\"https:\/\/acelyadent.com\/?page_id=174\"]}]},{\"@type\":\"BreadcrumbList\",\"@id\":\"https:\/\/acelyadent.com\/?page_id=174#breadcrumb\",\"itemListElement\":[{\"@type\":\"ListItem\",\"position\":1,\"name\":\"Home\",\"item\":\"https:\/\/acelyadent.com\/\"},{\"@type\":\"ListItem\",\"position\":2,\"name\":\"ONL\u0130NE RANDEVU\"}]},{\"@type\":\"WebSite\",\"@id\":\"https:\/\/acelyadent.com\/#website\",\"url\":\"https:\/\/acelyadent.com\/\",\"name\":\"A\u00c7ELYA A\u011eIZ VE D\u0130\u015e SA\u011eLI\u011eI POL\u0130KL\u0130N\u0130\u011e\u0130\",\"description\":\"\",\"publisher\":{\"@id\":\"https:\/\/acelyadent.com\/#organization\"},\"potentialAction\":[{\"@type\":\"SearchAction\",\"target\":{\"@type\":\"EntryPoint\",\"urlTemplate\":\"https:\/\/acelyadent.com\/?s={search_term_string}\"},\"query-input\":{\"@type\":\"PropertyValueSpecification\",\"valueRequired\":true,\"valueName\":\"search_term_string\"}}],\"inLanguage\":\"tr\"},{\"@type\":\"Organization\",\"@id\":\"https:\/\/acelyadent.com\/#organization\",\"name\":\"A\u00c7ELYA A\u011eIZ VE D\u0130\u015e SA\u011eLI\u011eI POL\u0130KL\u0130N\u0130\u011e\u0130\",\"url\":\"https:\/\/acelyadent.com\/\",\"logo\":{\"@type\":\"ImageObject\",\"inLanguage\":\"tr\",\"@id\":\"https:\/\/acelyadent.com\/#\/schema\/logo\/image\/\",\"url\":\"https:\/\/acelyadent.com\/wp-content\/uploads\/2025\/01\/logo.png\",\"contentUrl\":\"https:\/\/acelyadent.com\/wp-content\/uploads\/2025\/01\/logo.png\",\"width\":534,\"height\":498,\"caption\":\"A\u00c7ELYA A\u011eIZ VE D\u0130\u015e SA\u011eLI\u011eI POL\u0130KL\u0130N\u0130\u011e\u0130\"},\"image\":{\"@id\":\"https:\/\/acelyadent.com\/#\/schema\/logo\/image\/\"}}]}<\/script>\n<!-- \/ Yoast SEO plugin. -->","yoast_head_json":{"title":"ONL\u0130NE RANDEVU - A\u00c7ELYA A\u011eIZ VE D\u0130\u015e SA\u011eLI\u011eI POL\u0130KL\u0130N\u0130\u011e\u0130","robots":{"index":"index","follow":"follow","max-snippet":"max-snippet:-1","max-image-preview":"max-image-preview:large","max-video-preview":"max-video-preview:-1"},"canonical":"https:\/\/acelyadent.com\/?page_id=174","og_locale":"tr_TR","og_type":"article","og_title":"ONL\u0130NE RANDEVU - A\u00c7ELYA A\u011eIZ VE D\u0130\u015e SA\u011eLI\u011eI POL\u0130KL\u0130N\u0130\u011e\u0130","og_description":"A\u00e7elya Dent &#8211; Online Randevu Online Randevu Formu \u0130sim Soyisim Telefon Numaras\u0131 E-posta Adresi Randevu Tarihi Randevu Saati Saat se\u00e7iniz08:3009:0009:3010:0010:3011:0011:3012:0012:3013:0013:3014:0014:3015:0015:3016:0016:3017:0017:3018:0018:3019:0019:3020:0020:3021:0021:3022:0022:3023:0023:30 Talep Edilen \u0130\u015flem Randevu Olu\u015ftur Randevunuz ba\u015far\u0131yla olu\u015fturulduktan sonra acelyadent@gmail.com adresine taraf\u0131n\u0131zdan iletilen bilgiler ula\u015facakt\u0131r. Taraf\u0131n\u0131za ayr\u0131ca randevu kayd\u0131n\u0131z olu\u015fturulmu\u015ftur i\u00e7erikli bir e-posta g\u00f6nderilecektir. De\u011fi\u015fiklik veya iptal i\u00e7in l\u00fctfen bizimle ileti\u015fime ge\u00e7in. Adresimiz: Kavakl\u0131 Mahallesi, [&hellip;]","og_url":"https:\/\/acelyadent.com\/?page_id=174","og_site_name":"A\u00c7ELYA A\u011eIZ VE D\u0130\u015e SA\u011eLI\u011eI POL\u0130KL\u0130N\u0130\u011e\u0130","article_modified_time":"2025-12-08T16:16:48+00:00","twitter_card":"summary_large_image","twitter_misc":{"Tahmini okuma s\u00fcresi":"1 dakika"},"schema":{"@context":"https:\/\/schema.org","@graph":[{"@type":"WebPage","@id":"https:\/\/acelyadent.com\/?page_id=174","url":"https:\/\/acelyadent.com\/?page_id=174","name":"ONL\u0130NE RANDEVU - A\u00c7ELYA A\u011eIZ VE D\u0130\u015e SA\u011eLI\u011eI POL\u0130KL\u0130N\u0130\u011e\u0130","isPartOf":{"@id":"https:\/\/acelyadent.com\/#website"},"datePublished":"2025-08-24T13:59:03+00:00","dateModified":"2025-12-08T16:16:48+00:00","breadcrumb":{"@id":"https:\/\/acelyadent.com\/?page_id=174#breadcrumb"},"inLanguage":"tr","potentialAction":[{"@type":"ReadAction","target":["https:\/\/acelyadent.com\/?page_id=174"]}]},{"@type":"BreadcrumbList","@id":"https:\/\/acelyadent.com\/?page_id=174#breadcrumb","itemListElement":[{"@type":"ListItem","position":1,"name":"Home","item":"https:\/\/acelyadent.com\/"},{"@type":"ListItem","position":2,"name":"ONL\u0130NE RANDEVU"}]},{"@type":"WebSite","@id":"https:\/\/acelyadent.com\/#website","url":"https:\/\/acelyadent.com\/","name":"A\u00c7ELYA A\u011eIZ VE D\u0130\u015e SA\u011eLI\u011eI POL\u0130KL\u0130N\u0130\u011e\u0130","description":"","publisher":{"@id":"https:\/\/acelyadent.com\/#organization"},"potentialAction":[{"@type":"SearchAction","target":{"@type":"EntryPoint","urlTemplate":"https:\/\/acelyadent.com\/?s={search_term_string}"},"query-input":{"@type":"PropertyValueSpecification","valueRequired":true,"valueName":"search_term_string"}}],"inLanguage":"tr"},{"@type":"Organization","@id":"https:\/\/acelyadent.com\/#organization","name":"A\u00c7ELYA A\u011eIZ VE D\u0130\u015e SA\u011eLI\u011eI POL\u0130KL\u0130N\u0130\u011e\u0130","url":"https:\/\/acelyadent.com\/","logo":{"@type":"ImageObject","inLanguage":"tr","@id":"https:\/\/acelyadent.com\/#\/schema\/logo\/image\/","url":"https:\/\/acelyadent.com\/wp-content\/uploads\/2025\/01\/logo.png","contentUrl":"https:\/\/acelyadent.com\/wp-content\/uploads\/2025\/01\/logo.png","width":534,"height":498,"caption":"A\u00c7ELYA A\u011eIZ VE D\u0130\u015e SA\u011eLI\u011eI POL\u0130KL\u0130N\u0130\u011e\u0130"},"image":{"@id":"https:\/\/acelyadent.com\/#\/schema\/logo\/image\/"}}]}},"_links":{"self":[{"href":"https:\/\/acelyadent.com\/index.php?rest_route=\/wp\/v2\/pages\/174","targetHints":{"allow":["GET"]}}],"collection":[{"href":"https:\/\/acelyadent.com\/index.php?rest_route=\/wp\/v2\/pages"}],"about":[{"href":"https:\/\/acelyadent.com\/index.php?rest_route=\/wp\/v2\/types\/page"}],"author":[{"embeddable":true,"href":"https:\/\/acelyadent.com\/index.php?rest_route=\/wp\/v2\/users\/1"}],"replies":[{"embeddable":true,"href":"https:\/\/acelyadent.com\/index.php?rest_route=%2Fwp%2Fv2%2Fcomments&post=174"}],"version-history":[{"count":2,"href":"https:\/\/acelyadent.com\/index.php?rest_route=\/wp\/v2\/pages\/174\/revisions"}],"predecessor-version":[{"id":188,"href":"https:\/\/acelyadent.com\/index.php?rest_route=\/wp\/v2\/pages\/174\/revisions\/188"}],"wp:attachment":[{"href":"https:\/\/acelyadent.com\/index.php?rest_route=%2Fwp%2Fv2%2Fmedia&parent=174"}],"curies":[{"name":"wp","href":"https:\/\/api.w.org\/{rel}","templated":true}]}}